{"id":121,"date":"2018-04-25T08:57:51","date_gmt":"2018-04-25T06:57:51","guid":{"rendered":"http:\/\/bottegadelfusto.com\/shop\/?page_id=121"},"modified":"2018-04-25T18:39:08","modified_gmt":"2018-04-25T16:39:08","slug":"condizioni-duso","status":"publish","type":"page","link":"https:\/\/bottegadelfusto.com\/shop\/index.php\/condizioni-duso\/","title":{"rendered":"Condizioni d\u2019uso"},"content":{"rendered":"<header class=\"entry-header\">\n<h2 class=\"entry-title\">Condizioni d\u2019uso<\/h2>\n<\/header>\n<div class=\"entry-content\">\n<p><span>L\u2019accesso a questo sito (il Sito) comporta l\u2019accettazione dei termini e delle condizioni che seguono. Tali termini e condizioni potranno essere aggiornate e\/o modificate in qualsiasi momento ed a propria esclusiva discrezione da parte di Bottega del Fusto S.r.l. (\u201cBdF\u201d) senza necessit\u00e0 alcuna di darne preavviso agli utenti.<\/span><\/p>\n<p><span>Accesso al Sito ed uso dei relativi contenuti: nessuna responsabilit\u00e0, di qualsivoglia natura, \u00e8 assunta da BdF in relazione all\u2019accesso degli utenti al Sito o all\u2019utilizzo da parte loro dei relativi contenuti.<\/span><\/p>\n<h4><span>CONTENUTI DEL SITO<\/span><\/h4>\n<p><span>Tutti i contenuti del Sito (notizie, foto, video, suoni, marchi, loghi, nomi a dominio, software applicativi, layout grafici, documentazione tecnica e manualistica, etc.) e i diritti ad essi correlati sono riservati. Tali contenuti pertanto possono essere consultati esclusivamente per finalit\u00e0 d\u2019informazione personale, essendo espressamente vietato ogni diverso utilizzo senza il preventivo consenso scritto di BdF. Sebbene sia stata usata ogni ragionevole cura nel raccogliere e presentare le informazioni contenute in questo Sito, nessuna garanzia \u00e8 prestata in ordine alla loro esattezza, completezza, utilit\u00e0, n\u00e9 ai loro possibili impieghi da parte degli utenti; BdF fa dunque espressa esclusione di ogni responsabilit\u00e0 per errori, inesattezze, od omissioni relative ai detti dati. Alcune pagine del Sito possono contenere informazioni che riguardano programmi e propositi futuri, che vengono descritti di volta in volta mediante l\u2019utilizzo di termini come \u201cattendersi\u201d, \u201cstimare\u201d, \u201cprevedere\u201d, \u201cprospettare\u201d e \u201cprogrammare\u201d. Tali dichiarazioni per loro natura non comportano alcun impegno a carico di BdF, che pertanto non assume in relazione ad essi alcuna responsabilit\u00e0 di realizzazione.<\/span><\/p>\n<h4><span>PROPRIET\u00c0 INTELLETTUALE ED INDUSTRIALE<\/span><\/h4>\n<p><span>Tutti i contenuti del Sito \u2013 ivi compresi i marchi menzionati o riprodotti sul Sito, i design ed i brevetti relativi ai prodotti presenti sul Sito \u2013 sono soggetti alle norme sul diritto d\u2019autore e alle altre norme vigenti sulla tutela della propriet\u00e0 intellettuale ed industriale e ne \u00e8, pertanto, vietata la riproduzione, modifica od utilizzazione, totale o parziale, senza il preventivo consenso scritto da parte di BdF o dei relativi aventi diritto.<\/span><\/p>\n<h4><span>PRODOTTI E PREZZI<\/span><\/h4>\n<p><span>Le informazioni e le immagini \u2013 ivi compresi i colori dei prodotti \u2013 concernenti dotazioni, aspetto esteriore, dimensioni e pesi, prezzi, ecc. relativi ai prodotti di cui al Sito sono soggetti a continuo aggiornamento e possono illustrare accessori che non fanno parte della\u00a0normale serie. Tali dati sono da ritenersi, pertanto, puramente indicativi e suscettibili di eventuali errori, imprecisioni. BdF potr\u00e0, in qualsiasi momento, a propria esclusiva discrezione, apportare variazioni strutturali o formali ai prodotti illustrati nel Sito. I prezzi indicati sul Sito non si intendono vincolanti in quanto meramente consigliati da BdF. Per le informazioni aggiornate e puntuali sui prodotti e prezzi di cui al Sito, BdF invita pertanto gli utenti a rivolgersi direttamente ai proprio ufficio commerciale, contattabile dalla pagina \u2018<a href=\"http:\/\/bottegadelfusto.com\/index.php\/contatti\/\" target=\"_blank\" rel=\"noopener noreferrer\">Contatti\u2019<\/a>.<\/span><\/p>\n<h4><span>RESPONSABILIT\u00c0<\/span><\/h4>\n<p><span>BdF\u00a0non assume nessuna responsabilit\u00e0 circa le informazioni ed indicazioni contenute nelle pagine del Sito. In particolare, esse non contengono una tacita promessa o garanzia relativa alla composizione, all\u2019idoneit\u00e0 a determinati scopi dei Prodotti oppure alla non violazione, da parte dei Prodotti stessi, di leggi o brevetti. Sul Sito possono comparire alcuni link ad altri siti della Rete. Pertanto BdF non ha alcuna influenza su configurazione, disponibilit\u00e0, accessibilit\u00e0 e contenuti delle pagine collegate al Sito tramite link e nulla garantisce circa l\u2019attualit\u00e0, correttezza, completezza o qualit\u00e0 delle informazioni in esse riportate. BdF non potr\u00e0 ritenersi responsabile per alcun danno, diretto o indiretto, ivi compreso il lucro cessante, derivante dall\u2019utilizzo o dall\u2019impossibilit\u00e0 di utilizzo del Sito e dei suoi contenuti, o di siti ad esso collegati direttamente o indirettamente, cos\u00ec come da omissioni o errori.<\/span><\/p>\n<h4><span>PROPRIET\u00c0 INTELLETTUALE DI TERZI<\/span><\/h4>\n<p><span>Questo sito web \u00e8 gestito da BdF. BdF rispetta i diritti di propriet\u00e0 intellettuale di terzi. Alcuni materiali presenti sul Sito potrebbero essere pubblicati e resi disponibili sul Sito da terze parti senza l\u2019autorizzazione di BdF. La policy di BdF non permette la permanenza di materiali che violano diritti di terzi e gli account degli utenti che violino tali diritti verranno, una volta giunta a conoscenza di BdF la relativa violazione, cancellati. Se un utente ritiene che qualcuno dei materiali presenti sul Sito infranga un proprio diritto, tale utente dovr\u00e0 inviare a BdF una nota contenente le seguenti informazioni:<\/span><\/p>\n<p><span>i. identificazione del diritto violato o, in caso di pi\u00f9 violazioni, la lista di tutte le violazioni rilevate ;<\/span><br \/>\n<span>ii. identificazione del materiale contenuto sul Sito che viola il\/i diritto\/i di cui sopra e di cui si desidera la rimozione o disabilitazione, corredato da informazioni atte all\u2019identificazione da parte di BdF dell\u2019oggetto della\/e violazione\/i;<\/span><br \/>\n<span>iii. i dati necessari a contattare il titolare del\/i diritto\/i violato\/i, comprensivi di indirizzo, numero di telefono e, se disponibile, indirizzo e-mail;<\/span><br \/>\n<span>iv. una dichiarazione in cui si afferma che l\u2019utilizzo del materiale in questione non \u00e8 stato autorizzato dal titolare del\/i diritto\/i, da suoi agenti o legali rappresentanti;<\/span><br \/>\n<span>v. una dichiarazione in cui si afferma che le informazioni comunicate a BdF sono accurate e, con la consapevolezza che in caso di falsa dichiarazione si incorrer\u00e0 in sanzioni penali, che si \u00e8 in possesso dell\u2019autorizzazione a procedere per conto del titolare del\/i diritto\/i violato\/i ;<\/span><br \/>\n<span>vi. una firma, reale o elettronica, della persona autorizzata a procedere per conto del titolare del\/i diritto\/i violato\/i.<\/span><br \/>\n<span>La nota di cui sopra dovr\u00e0 essere inviata via raccomandata al seguente indirizzo:<\/span><br \/>\n<span>Bottega del Fusto S.r.l.<\/span><br \/>\n<span>Via Villastellone, 5<\/span><br \/>\n<span>00166 Roma<\/span><\/p>\n<h4><span>LEGGE APPLICABILE E FORO COMPETENTE<\/span><\/h4>\n<p><span>Fatto sempre salvo ogni diritto di cui gli utenti godano in virt\u00f9 di normative \u2013 nazionali od internazionali \u2013 diverse, le presenti condizioni di utilizzo del Sito sono soggette alla legislazione italiana e saranno interpretate ai sensi della medesima (ad eccezione delle sue norme sui conflitti di legge), ivi compresa ogni controversia concernente l\u2019esistenza, la validit\u00e0 e l\u2019efficacia delle presenti condizioni di utilizzo del Sito ed ogni altro accordo che ad esse faccia rinvio. Nei limiti di quanto sopra, il foro competente a conoscere di ogni controversia sorgente con riferimento alle presenti condizioni di utilizzo del Sito cos\u00ec come ogni altro accordo che ad esse faccia rinvio, sar\u00e0 il Foro di Roma.<\/span><\/p>\n<\/div>\n","protected":false},"excerpt":{"rendered":"<p>Condizioni d\u2019uso L\u2019accesso a questo sito (il Sito) comporta l\u2019accettazione dei termini e delle condizioni che seguono. Tali termini e condizioni potranno essere aggiornate e\/o modificate in qualsiasi momento ed a propria esclusiva discrezione da parte di Bottega del Fusto S.r.l. (\u201cBdF\u201d) senza necessit\u00e0 alcuna di darne preavviso agli utenti. Accesso al Sito ed uso [&hellip;]<\/p>\n","protected":false},"author":1,"featured_media":0,"parent":0,"menu_order":0,"comment_status":"closed","ping_status":"closed","template":"","meta":{"footnotes":""},"yoast_head":"<!-- This site is optimized with the Yoast SEO plugin v21.5 - https:\/\/yoast.com\/wordpress\/plugins\/seo\/ -->\n<title>Condizioni d\u2019uso - la Bottega del Fusto - Falegnameria Artigianale dal 1962<\/title>\n<meta name=\"robots\" content=\"noindex, follow\" \/>\n<meta property=\"og:locale\" content=\"it_IT\" \/>\n<meta property=\"og:type\" content=\"article\" \/>\n<meta property=\"og:title\" content=\"Condizioni d\u2019uso - la Bottega del Fusto - Falegnameria Artigianale dal 1962\" \/>\n<meta property=\"og:description\" content=\"Condizioni d\u2019uso L\u2019accesso a questo sito (il Sito) comporta l\u2019accettazione dei termini e delle condizioni che seguono. Tali termini e condizioni potranno essere aggiornate e\/o modificate in qualsiasi momento ed a propria esclusiva discrezione da parte di Bottega del Fusto S.r.l. (\u201cBdF\u201d) senza necessit\u00e0 alcuna di darne preavviso agli utenti. Accesso al Sito ed uso [&hellip;]\" \/>\n<meta property=\"og:url\" content=\"https:\/\/bottegadelfusto.com\/shop\/index.php\/condizioni-duso\/\" \/>\n<meta property=\"og:site_name\" content=\"la Bottega del Fusto - Falegnameria Artigianale dal 1962\" \/>\n<meta property=\"article:publisher\" content=\"https:\/\/www.facebook.com\/bottegadelfusto\/\" \/>\n<meta property=\"article:modified_time\" content=\"2018-04-25T16:39:08+00:00\" \/>\n<meta name=\"twitter:card\" content=\"summary_large_image\" \/>\n<meta name=\"twitter:site\" content=\"@BottegadelFusto\" \/>\n<meta name=\"twitter:label1\" content=\"Tempo di lettura stimato\" \/>\n\t<meta name=\"twitter:data1\" content=\"5 minuti\" \/>\n<script type=\"application\/ld+json\" class=\"yoast-schema-graph\">{\"@context\":\"https:\/\/schema.org\",\"@graph\":[{\"@type\":\"WebPage\",\"@id\":\"https:\/\/bottegadelfusto.com\/shop\/index.php\/condizioni-duso\/\",\"url\":\"https:\/\/bottegadelfusto.com\/shop\/index.php\/condizioni-duso\/\",\"name\":\"Condizioni d\u2019uso - la Bottega del Fusto - Falegnameria Artigianale dal 1962\",\"isPartOf\":{\"@id\":\"https:\/\/bottegadelfusto.com\/shop\/#website\"},\"datePublished\":\"2018-04-25T06:57:51+00:00\",\"dateModified\":\"2018-04-25T16:39:08+00:00\",\"breadcrumb\":{\"@id\":\"https:\/\/bottegadelfusto.com\/shop\/index.php\/condizioni-duso\/#breadcrumb\"},\"inLanguage\":\"it-IT\",\"potentialAction\":[{\"@type\":\"ReadAction\",\"target\":[\"https:\/\/bottegadelfusto.com\/shop\/index.php\/condizioni-duso\/\"]}]},{\"@type\":\"BreadcrumbList\",\"@id\":\"https:\/\/bottegadelfusto.com\/shop\/index.php\/condizioni-duso\/#breadcrumb\",\"itemListElement\":[{\"@type\":\"ListItem\",\"position\":1,\"name\":\"Home\",\"item\":\"https:\/\/bottegadelfusto.com\/shop\/\"},{\"@type\":\"ListItem\",\"position\":2,\"name\":\"Condizioni d\u2019uso\"}]},{\"@type\":\"WebSite\",\"@id\":\"https:\/\/bottegadelfusto.com\/shop\/#website\",\"url\":\"https:\/\/bottegadelfusto.com\/shop\/\",\"name\":\"Bottega del Fusto\",\"description\":\"I vostri desideri la nostra passione\",\"publisher\":{\"@id\":\"https:\/\/bottegadelfusto.com\/shop\/#organization\"},\"potentialAction\":[{\"@type\":\"SearchAction\",\"target\":{\"@type\":\"EntryPoint\",\"urlTemplate\":\"https:\/\/bottegadelfusto.com\/shop\/?s={search_term_string}\"},\"query-input\":\"required name=search_term_string\"}],\"inLanguage\":\"it-IT\"},{\"@type\":\"Organization\",\"@id\":\"https:\/\/bottegadelfusto.com\/shop\/#organization\",\"name\":\"La Bottega del Fusto\",\"url\":\"https:\/\/bottegadelfusto.com\/shop\/\",\"logo\":{\"@type\":\"ImageObject\",\"inLanguage\":\"it-IT\",\"@id\":\"https:\/\/bottegadelfusto.com\/shop\/#\/schema\/logo\/image\/\",\"url\":\"https:\/\/bottegadelfusto.com\/shop\/wp-content\/uploads\/2018\/04\/logobdf300.png\",\"contentUrl\":\"https:\/\/bottegadelfusto.com\/shop\/wp-content\/uploads\/2018\/04\/logobdf300.png\",\"width\":300,\"height\":125,\"caption\":\"La Bottega del Fusto\"},\"image\":{\"@id\":\"https:\/\/bottegadelfusto.com\/shop\/#\/schema\/logo\/image\/\"},\"sameAs\":[\"https:\/\/www.facebook.com\/bottegadelfusto\/\",\"https:\/\/twitter.com\/BottegadelFusto\",\"https:\/\/it.pinterest.com\/bottegadelfusto\/\"]}]}<\/script>\n<!-- \/ Yoast SEO plugin. -->","yoast_head_json":{"title":"Condizioni d\u2019uso - la Bottega del Fusto - Falegnameria Artigianale dal 1962","robots":{"index":"noindex","follow":"follow"},"og_locale":"it_IT","og_type":"article","og_title":"Condizioni d\u2019uso - la Bottega del Fusto - Falegnameria Artigianale dal 1962","og_description":"Condizioni d\u2019uso L\u2019accesso a questo sito (il Sito) comporta l\u2019accettazione dei termini e delle condizioni che seguono. Tali termini e condizioni potranno essere aggiornate e\/o modificate in qualsiasi momento ed a propria esclusiva discrezione da parte di Bottega del Fusto S.r.l. (\u201cBdF\u201d) senza necessit\u00e0 alcuna di darne preavviso agli utenti. Accesso al Sito ed uso [&hellip;]","og_url":"https:\/\/bottegadelfusto.com\/shop\/index.php\/condizioni-duso\/","og_site_name":"la Bottega del Fusto - Falegnameria Artigianale dal 1962","article_publisher":"https:\/\/www.facebook.com\/bottegadelfusto\/","article_modified_time":"2018-04-25T16:39:08+00:00","twitter_card":"summary_large_image","twitter_site":"@BottegadelFusto","twitter_misc":{"Tempo di lettura stimato":"5 minuti"},"schema":{"@context":"https:\/\/schema.org","@graph":[{"@type":"WebPage","@id":"https:\/\/bottegadelfusto.com\/shop\/index.php\/condizioni-duso\/","url":"https:\/\/bottegadelfusto.com\/shop\/index.php\/condizioni-duso\/","name":"Condizioni d\u2019uso - la Bottega del Fusto - Falegnameria Artigianale dal 1962","isPartOf":{"@id":"https:\/\/bottegadelfusto.com\/shop\/#website"},"datePublished":"2018-04-25T06:57:51+00:00","dateModified":"2018-04-25T16:39:08+00:00","breadcrumb":{"@id":"https:\/\/bottegadelfusto.com\/shop\/index.php\/condizioni-duso\/#breadcrumb"},"inLanguage":"it-IT","potentialAction":[{"@type":"ReadAction","target":["https:\/\/bottegadelfusto.com\/shop\/index.php\/condizioni-duso\/"]}]},{"@type":"BreadcrumbList","@id":"https:\/\/bottegadelfusto.com\/shop\/index.php\/condizioni-duso\/#breadcrumb","itemListElement":[{"@type":"ListItem","position":1,"name":"Home","item":"https:\/\/bottegadelfusto.com\/shop\/"},{"@type":"ListItem","position":2,"name":"Condizioni d\u2019uso"}]},{"@type":"WebSite","@id":"https:\/\/bottegadelfusto.com\/shop\/#website","url":"https:\/\/bottegadelfusto.com\/shop\/","name":"Bottega del Fusto","description":"I vostri desideri la nostra passione","publisher":{"@id":"https:\/\/bottegadelfusto.com\/shop\/#organization"},"potentialAction":[{"@type":"SearchAction","target":{"@type":"EntryPoint","urlTemplate":"https:\/\/bottegadelfusto.com\/shop\/?s={search_term_string}"},"query-input":"required name=search_term_string"}],"inLanguage":"it-IT"},{"@type":"Organization","@id":"https:\/\/bottegadelfusto.com\/shop\/#organization","name":"La Bottega del Fusto","url":"https:\/\/bottegadelfusto.com\/shop\/","logo":{"@type":"ImageObject","inLanguage":"it-IT","@id":"https:\/\/bottegadelfusto.com\/shop\/#\/schema\/logo\/image\/","url":"https:\/\/bottegadelfusto.com\/shop\/wp-content\/uploads\/2018\/04\/logobdf300.png","contentUrl":"https:\/\/bottegadelfusto.com\/shop\/wp-content\/uploads\/2018\/04\/logobdf300.png","width":300,"height":125,"caption":"La Bottega del Fusto"},"image":{"@id":"https:\/\/bottegadelfusto.com\/shop\/#\/schema\/logo\/image\/"},"sameAs":["https:\/\/www.facebook.com\/bottegadelfusto\/","https:\/\/twitter.com\/BottegadelFusto","https:\/\/it.pinterest.com\/bottegadelfusto\/"]}]}},"_links":{"self":[{"href":"https:\/\/bottegadelfusto.com\/shop\/index.php\/wp-json\/wp\/v2\/pages\/121"}],"collection":[{"href":"https:\/\/bottegadelfusto.com\/shop\/index.php\/wp-json\/wp\/v2\/pages"}],"about":[{"href":"https:\/\/bottegadelfusto.com\/shop\/index.php\/wp-json\/wp\/v2\/types\/page"}],"author":[{"embeddable":true,"href":"https:\/\/bottegadelfusto.com\/shop\/index.php\/wp-json\/wp\/v2\/users\/1"}],"replies":[{"embeddable":true,"href":"https:\/\/bottegadelfusto.com\/shop\/index.php\/wp-json\/wp\/v2\/comments?post=121"}],"version-history":[{"count":2,"href":"https:\/\/bottegadelfusto.com\/shop\/index.php\/wp-json\/wp\/v2\/pages\/121\/revisions"}],"predecessor-version":[{"id":154,"href":"https:\/\/bottegadelfusto.com\/shop\/index.php\/wp-json\/wp\/v2\/pages\/121\/revisions\/154"}],"wp:attachment":[{"href":"https:\/\/bottegadelfusto.com\/shop\/index.php\/wp-json\/wp\/v2\/media?parent=121"}],"curies":[{"name":"wp","href":"https:\/\/api.w.org\/{rel}","templated":true}]}}