{"id":136,"date":"2018-04-25T09:33:30","date_gmt":"2018-04-25T07:33:30","guid":{"rendered":"http:\/\/bottegadelfusto.com\/shop\/?page_id=136"},"modified":"2018-04-25T18:40:41","modified_gmt":"2018-04-25T16:40:41","slug":"termini-e-condizioni-di-vendita","status":"publish","type":"page","link":"https:\/\/bottegadelfusto.com\/shop\/index.php\/termini-e-condizioni-di-vendita\/","title":{"rendered":"Termini e Condizioni di Vendita"},"content":{"rendered":"<h3>Termini e Condizioni di Vendita<\/h3>\n<h4><strong>Prezzi, contenuto e disponibilit\u00e0 dei prodotti<\/strong><\/h4>\n<h4><strong>Tutti i prezzi indicati nel sito sono al netto dell\u2019IVA.<\/strong><\/h4>\n<p>I prezzi e le disponibilit\u00e0 indicate si intendono salvo esaurimento delle scorte e sono soggetti a variazioni per cause di mercato o altro. Sconti, buoni acquisto e promozioni non sono mai cumulabili. Le immagini mostrate nel sito\u00a0 http:\/\/bottegadelfusto.com\u00a0 sono del tutto indicative e potrebbero differire anche in modo significativo dal prodotto effettivamente disponibile.<\/p>\n<h4><strong>Validit\u00e0 dei prezzi e conferma d\u2019ordine via email<\/strong><\/h4>\n<p>Inviando il modulo d\u2019ordine riceverete una conferma d\u2019ordine automatica via email. Tale conferma d\u2019ordine ha l\u2019unico scopo di notificare il ricevimento dell\u2019ordine elettronico e non costituisce formale accettazione dell\u2019ordine. Il prezzo applicato sar\u00e0 quello fissato al momento dell\u2019ordine. E\u2019 tuttavia possibile che alcune offerte o articoli siano nel frattempo esauriti o abbiano subito variazioni di prezzo particolarmente rilevanti. Ci riserviamo in tal caso di contattarvi nel pi\u00f9 breve tempo possibile per annullare l\u2019ordine (senza penali per entrambe le parti) ed eventualmente proporvi un prodotto alternativo.<\/p>\n<h4><strong>Disponibilit\u00e0 dei prodotti<\/strong><\/h4>\n<p>La disponibilit\u00e0 dei prodotti si riferisce alla disponibilit\u00e0 effettiva nel momento in cui il cliente effettua l\u2019ordine. Tale disponibilit\u00e0 deve comunque essere considerata puramente indicativa perch\u00e9, per effetto della contemporanea presenza sul sito di pi\u00f9 utenti, i prodotti potrebbero essere venduti ad altri clienti prima della conferma dell\u2019ordine.<br \/>\nAnche in seguito all\u2019invio dell\u2019e-mail di conferma dell\u2019ordine inviata da bottegadelfusto.com, potrebbero verificarsi casi di indisponibilit\u00e0 parziale o totale della merce. In questa eventualit\u00e0, l\u2019ordine verr\u00e0 rettificato automaticamente con l\u2019eliminazione del prodotto non disponibile e il cliente verr\u00e0 tempestivamente informato.<\/p>\n<h4><strong>Responsabilit\u00e0<\/strong><\/h4>\n<p>Sul sito\u00a0http:\/\/bottegadelfusto.com sono in vendita solo prodotti conformi alle normative comunitarie e italiane. Bottegadelfusto.com non assume alcuna responsabilit\u00e0 inerente all&#8217;utilizzo che il cliente intende fare della merce acquistata. In caso di merce difettosa\u00a0bottegadelfusto.com avr\u00e0 il solo onere della sostituzione a sua discrezione. In nessun caso bottegadelfusto.com\u00a0 sar\u00e0 ritenuta responsabile per mancati guadagni dovuti all&#8217;impossibilit\u00e0 di utilizzare i prodotti acquistati.<\/p>\n<h4><strong>Evasione degli ordini<\/strong><\/h4>\n<p>Se non diversamente indicato, ci riserviamo di inviare i prodotti disponibili e successivamente i prodotti non in stock, senza ulteriori addebiti per il cliente. Se invece l\u2019evasione parziale \u00e8 esplicitamente richiesta dal cliente egli dovr\u00e0 assumersi l\u2019onere della spedizione aggiuntiva.<br \/>\nLa mancanza di prodotti o parti di essi nella confezione o ancora il loro eventuale danneggiamento durante il trasporto devono essere dichiarati entro 2 giorni dal ricevimento del pacco (anche a mezzo email).<\/p>\n<h4><strong>Modalit\u00e0 e tempi di evasione<\/strong><\/h4>\n<p>I tempi medi di evasione dell\u2019ordine sono 2-5 giorni lavorativi, ma questi possono variare per cause di forza maggiore come condizioni atmosferiche, scioperi o promozioni particolarmente vantaggiose. Con tempi di evasione dell\u2019ordine si intende l\u2019intervallo di tempo che trascorre dal completamento dell\u2019ordine alla consegna del prodotto al corriere. E\u2019 molto importante, in fase di acquisto, indicare un indirizzo di email valido, in modo da permettere di comunicare la presa in carico della spedizione e ottimizzare cos\u00ec le modalit\u00e0 di consegna.<\/p>\n<h4><strong>Modalit\u00e0 e costi di spedizione<\/strong><\/h4>\n<p>Bottegadelfusto.com\u00a0si serve di diversi Corrieri espressi a seconda delle caratteristiche dell\u2019ordine e della tipologia di spedizione di cui necessita. Le consegne vengono effettuate dal luned\u00ec al venerd\u00ec, nel normale orario di ufficio, escluse le festivit\u00e0 nazionali, recapitando i prodotti all&#8217;indirizzo specificato al momento dell\u2019ordine.<\/p>\n<p>Bottegadelfusto.com applica i seguenti costi di spedizione validi<span>\u00a0<\/span><strong>per l\u2019Italia e paesi UE<\/strong><br \/>\nPosta ordinaria: \u20ac12,50 per confezione o collo<br \/>\nCorriere espresso: \u20ac12,50 per confezione o collo<br \/>\nPer importi oltre \u20ac100,00: trasporto incluso nel prezzo di vendita<br \/>\nIn periodi di campagne promozionali la spedizione pu\u00f2 diventare gratuita o condizionata da importi minimi di acquisto.<\/p>\n<p>Bottegadelfusto.com\u00a0applica i seguenti costi di spedizione validi<span>\u00a0<\/span><strong>per Estero al di fuori dei paesi UE<\/strong><br \/>\nCorriere espresso: \u20ac18,00 per confezione o collo<br \/>\nPer importi oltre \u20ac365,00: trasporto incluso nel prezzo di vendita<br \/>\nIn periodi di campagne promozionali la spedizione pu\u00f2 diventare gratuita o condizionata da importi minimi di acquisto.<\/p>\n<h4><strong>Modalit\u00e0 e Termini di pagamento<\/strong><\/h4>\n<p><em>Contrassegno \u2013 solo per l\u2019Italia<\/em><br \/>\nIl pagamento avviene al momento della consegna della merce solo mediante contante.<br \/>\nIl contrassegno prevede un contributo di spesa di \u20ac3,50 per la gestione dell\u2019incasso da parte del Corriere.<br \/>\nIn alcuni periodi dell\u2019anno questa modalit\u00e0 pu\u00f2 risultare non attiva.<\/p>\n<p><em>PayPal o Carta di Credito<\/em><br \/>\nPayPal \u00e8 un metodo di pagamento online assolutamente sicuro che ti permetter\u00e0 di effettuare il pagamento dell\u2019ordine accedendo direttamente al tuo account. I dati relativi al tuo conto e alla tua carta di credito saranno gestiti direttamente da Paypal, che ci fornir\u00e0 semplicemente una comunicazione via mail dopo che sar\u00e0 stato effettuato il pagamento.<br \/>\nAl momento della conferma d\u2019ordine, ti baster\u00e0 selezionare l\u2019opzione di pagamento \u201cCarta di credito o Paypal\u201d, per essere direttamente trasferito sul sito di PayPal, inserisci quindi l\u2019email e la password per accedere al tuo conto Paypal e completare il pagamento.<\/p>\n<p><em>Ricevute non fiscali<\/em><\/p>\n<p>La vendita dei prodotti acquistati su\u00a0Bottegadelfusto.com non \u00e8 soggetta a certificazione fiscale mediante scontrino o ricevuta fiscale (art.2 comma 1 D.P.R. 696\/1996) cos\u00ec come la fattura se non richiesta dal cliente privato in concomitanza della conferma dell\u2019ordine (art.22, comma 1, n\u00b01 D.P.R.633\/1972).<\/p>\n<p><em>Fattura<\/em><\/p>\n<p>La fattura, se non evasa automaticamente al momento dell\u2019ordine, pu\u00f2 essere richiesta dal cliente inviando un\u2019email all\u2019indirizzo\u00a0ordini@bottegadelfusto.com o compilando il modulo contatti, avendo cura di specificare nella richiesta anche il Codice Fiscale o la Partita IVA (solo se non \u00e8 stato specificato in fase di registrazione.)<br \/>\nL\u2019invio della fattura avviene in forma elettronica tramite email contestualmente alla conferma della spedizione. \u00c8 altres\u00ec possibile scaricare la fattura dalla sezione \u201cI miei ordini\u201d del sito.<\/p>\n<p>La fattura viene emessa automaticamente, anche senza richiesta, nei seguenti casi:<br \/>\n\u25feAi clienti che avendo indicato in fase di registrazione il proprio Codice Fiscale o Partita IVA, acquistano almeno un prodotto.<\/p>\n<h4><strong>Garanzia Legale<\/strong><\/h4>\n<p>La garanzia legale di conformit\u00e0 \u00e8 prevista dal Codice del Consumo (articoli 128 e ss.) e tutela il consumatore. Il consumatore pu\u00f2 far valere i propri diritti in materia di garanzia legale di conformit\u00e0 rivolgendosi direttamente al venditore del bene, anche se diverso dal produttore.<br \/>\nIn presenza di un vizio di conformit\u00e0, il consumatore ha diritto, a sua scelta, alla sostituzione del prodotto difettoso da parte del venditore, senza addebito di spese.<\/p>\n<h4><strong>Cosa fare in presenza di un difetto di conformit\u00e0?<\/strong><\/h4>\n<p>Per ricevere assistenza in garanzia sui prodotti venduti da Bottegadelfusto.com, il consumatore pu\u00f2 rivolgersi al Servizio Clienti inviando una e-mail a ordini@bottegadelfusto.com .<br \/>\nGli operatori del Servizio clienti aiuteranno il consumatore a risolvere il problema riscontrato nell\u2019utilizzo del prodotto che ha acquistato.<\/p>\n<h4><strong>Restituzione della merce e diritto di recesso<\/strong><\/h4>\n<p>Qualora il Cliente sia un \u201cconsumatore\u201d (ossia una persona fisica che agisce per scopi estranei all\u2019attivit\u00e0 imprenditoriale, commerciale, artigianale o professionale eventualmente svolta), ha diritto, ai sensi e per gli effetti del D. Lgs. 206\/2005 aggiornato dal Codice del Consumo in attuazione della direttiva 2011\/83\/UE sui diritti dei consumatori in vigore dal 14 giugno 2014, di recedere dai Contratti di Compravendita entro 14 giorni dalla data di ricevimento dei Prodotti oggetto dei Contratti di Compravendita.<\/p>\n<p>Il Diritto di recesso deve essere esercitato dal Cliente comunicando a Bottegadelfusto.com la manifestazione di volont\u00e0 di avvalersi del diritto di recesso attraverso l\u2019invio di una e-mail a ordini@bottegadelfusto.com .<\/p>\n<p>In caso di esercizio, da parte del Cliente, del diritto di recesso:<br \/>\nIl Cliente deve restituire i Prodotti entro 14 giorni dalla data della comunicazione di recesso;<br \/>\nTutti i costi connessi alla restituzione dei Prodotti sono interamente a carico del Cliente;<br \/>\nBottegadelfusto.com si impegna a rimborsare il prezzo nel minor tempo possibile, e comunque entro 14 giorni dalla data di ricevimento della comunicazione di recesso a condizione che:<br \/>\n\u2013 I prodotti siano stati restituiti e siano integri;<br \/>\n\u2013 Sia restituito anche l\u2019imballaggio\/confezione originale dei prodotti e lo stesso sia perfettamente integro;<br \/>\n\u2013 Siano restituiti anche eventuali accessori e gli stessi siano integri.<br \/>\nBottegadelfusto.com comunicher\u00e0 al Cliente le modalit\u00e0 di rimborso del prezzo e potr\u00e0, a tal fine, richiedere al Cliente i suoi dati bancari (IBAN e intestatario del c\/c). Nel caso in cui il prodotto sia deteriorato o danneggiato Bottegadelfusto.com rimborser\u00e0 comunque il prodotto, ma al prezzo diminuito del deprezzamento causato dal cliente.<\/p>\n<h4><strong>Eccezioni al diritto di recesso<\/strong><\/h4>\n<p><strong>il diritto di recesso \u00e8 escluso<\/strong>, ad esempio, nel caso di<span>\u00a0<\/span><strong>beni sigillati<\/strong><span>\u00a0<\/span>che non si prestano ad essere restituiti per motivi igienici o per la protezione della salute<\/p>\n<h4><strong>ODR: Risoluzione Online delle Controversie<\/strong><\/h4>\n<p>Si comunica che la Commissione Europea ha costituito una piattaforma online che fornisce uno strumento di risoluzione alternativa delle controversie per i consumatori residenti in Europa (art.14 del Regolamento 524\/2013\/EU). Per tutte le controversie relative e\/o derivanti da contratti di vendita di beni e servizi stipulati in rete, tale strumento permette al consumatore europeo di risolverle in via non giudiziale. Pertanto, se sei un consumatore europeo, puoi utilizzare tale piattaforma per la risoluzione di ogni disputa nascente dal contratto online stipulato con Bottegadelfusto.com. Puoi trovare la piattaforma al seguente link (http:\/\/ec.europa.eu\/consumers\/odr\/).<br \/>\nBottegadelfusto.com \u00e8 disponibile a rispondere ad ogni quesito inoltrato all&#8217;indirizzo email pubblicato nel presente documento.<\/p>\n<h4><strong>Dati sociali<\/strong><\/h4>\n<p>Bottega del Fusto S.r.l. \u2013 Via Villastellone, 5 \u2013 00166 Roma \u2013 Partita IVA <span>07321471000<\/span> \u2013 Codice Fiscale: <span>07321471000<\/span>\u00a0|<br \/>\nordini@bottegadelfusto.com<\/p>\n","protected":false},"excerpt":{"rendered":"<p>Termini e Condizioni di Vendita Prezzi, contenuto e disponibilit\u00e0 dei prodotti Tutti i prezzi indicati nel sito sono al netto dell\u2019IVA. I prezzi e le disponibilit\u00e0 indicate si intendono salvo esaurimento delle scorte e sono soggetti a variazioni per cause di mercato o altro. Sconti, buoni acquisto e promozioni non sono mai cumulabili. Le immagini [&hellip;]<\/p>\n","protected":false},"author":1,"featured_media":0,"parent":0,"menu_order":0,"comment_status":"closed","ping_status":"closed","template":"","meta":{"footnotes":""},"yoast_head":"<!-- This site is optimized with the Yoast SEO plugin v21.5 - https:\/\/yoast.com\/wordpress\/plugins\/seo\/ -->\n<title>Termini e Condizioni di Vendita - la Bottega del Fusto - Falegnameria Artigianale dal 1962<\/title>\n<meta name=\"robots\" content=\"noindex, follow\" \/>\n<meta property=\"og:locale\" content=\"it_IT\" \/>\n<meta property=\"og:type\" content=\"article\" \/>\n<meta property=\"og:title\" content=\"Termini e Condizioni di Vendita - la Bottega del Fusto - Falegnameria Artigianale dal 1962\" \/>\n<meta property=\"og:description\" content=\"Termini e Condizioni di Vendita Prezzi, contenuto e disponibilit\u00e0 dei prodotti Tutti i prezzi indicati nel sito sono al netto dell\u2019IVA. I prezzi e le disponibilit\u00e0 indicate si intendono salvo esaurimento delle scorte e sono soggetti a variazioni per cause di mercato o altro. Sconti, buoni acquisto e promozioni non sono mai cumulabili. Le immagini [&hellip;]\" \/>\n<meta property=\"og:url\" content=\"https:\/\/bottegadelfusto.com\/shop\/index.php\/termini-e-condizioni-di-vendita\/\" \/>\n<meta property=\"og:site_name\" content=\"la Bottega del Fusto - Falegnameria Artigianale dal 1962\" \/>\n<meta property=\"article:publisher\" content=\"https:\/\/www.facebook.com\/bottegadelfusto\/\" \/>\n<meta property=\"article:modified_time\" content=\"2018-04-25T16:40:41+00:00\" \/>\n<meta name=\"twitter:card\" content=\"summary_large_image\" \/>\n<meta name=\"twitter:site\" content=\"@BottegadelFusto\" \/>\n<meta name=\"twitter:label1\" content=\"Tempo di lettura stimato\" \/>\n\t<meta name=\"twitter:data1\" content=\"8 minuti\" \/>\n<script type=\"application\/ld+json\" class=\"yoast-schema-graph\">{\"@context\":\"https:\/\/schema.org\",\"@graph\":[{\"@type\":\"WebPage\",\"@id\":\"https:\/\/bottegadelfusto.com\/shop\/index.php\/termini-e-condizioni-di-vendita\/\",\"url\":\"https:\/\/bottegadelfusto.com\/shop\/index.php\/termini-e-condizioni-di-vendita\/\",\"name\":\"Termini e Condizioni di Vendita - la Bottega del Fusto - Falegnameria Artigianale dal 1962\",\"isPartOf\":{\"@id\":\"https:\/\/bottegadelfusto.com\/shop\/#website\"},\"datePublished\":\"2018-04-25T07:33:30+00:00\",\"dateModified\":\"2018-04-25T16:40:41+00:00\",\"breadcrumb\":{\"@id\":\"https:\/\/bottegadelfusto.com\/shop\/index.php\/termini-e-condizioni-di-vendita\/#breadcrumb\"},\"inLanguage\":\"it-IT\",\"potentialAction\":[{\"@type\":\"ReadAction\",\"target\":[\"https:\/\/bottegadelfusto.com\/shop\/index.php\/termini-e-condizioni-di-vendita\/\"]}]},{\"@type\":\"BreadcrumbList\",\"@id\":\"https:\/\/bottegadelfusto.com\/shop\/index.php\/termini-e-condizioni-di-vendita\/#breadcrumb\",\"itemListElement\":[{\"@type\":\"ListItem\",\"position\":1,\"name\":\"Home\",\"item\":\"https:\/\/bottegadelfusto.com\/shop\/\"},{\"@type\":\"ListItem\",\"position\":2,\"name\":\"Termini e Condizioni di Vendita\"}]},{\"@type\":\"WebSite\",\"@id\":\"https:\/\/bottegadelfusto.com\/shop\/#website\",\"url\":\"https:\/\/bottegadelfusto.com\/shop\/\",\"name\":\"Bottega del Fusto\",\"description\":\"I vostri desideri la nostra passione\",\"publisher\":{\"@id\":\"https:\/\/bottegadelfusto.com\/shop\/#organization\"},\"potentialAction\":[{\"@type\":\"SearchAction\",\"target\":{\"@type\":\"EntryPoint\",\"urlTemplate\":\"https:\/\/bottegadelfusto.com\/shop\/?s={search_term_string}\"},\"query-input\":\"required name=search_term_string\"}],\"inLanguage\":\"it-IT\"},{\"@type\":\"Organization\",\"@id\":\"https:\/\/bottegadelfusto.com\/shop\/#organization\",\"name\":\"La Bottega del Fusto\",\"url\":\"https:\/\/bottegadelfusto.com\/shop\/\",\"logo\":{\"@type\":\"ImageObject\",\"inLanguage\":\"it-IT\",\"@id\":\"https:\/\/bottegadelfusto.com\/shop\/#\/schema\/logo\/image\/\",\"url\":\"https:\/\/bottegadelfusto.com\/shop\/wp-content\/uploads\/2018\/04\/logobdf300.png\",\"contentUrl\":\"https:\/\/bottegadelfusto.com\/shop\/wp-content\/uploads\/2018\/04\/logobdf300.png\",\"width\":300,\"height\":125,\"caption\":\"La Bottega del Fusto\"},\"image\":{\"@id\":\"https:\/\/bottegadelfusto.com\/shop\/#\/schema\/logo\/image\/\"},\"sameAs\":[\"https:\/\/www.facebook.com\/bottegadelfusto\/\",\"https:\/\/twitter.com\/BottegadelFusto\",\"https:\/\/it.pinterest.com\/bottegadelfusto\/\"]}]}<\/script>\n<!-- \/ Yoast SEO plugin. -->","yoast_head_json":{"title":"Termini e Condizioni di Vendita - la Bottega del Fusto - Falegnameria Artigianale dal 1962","robots":{"index":"noindex","follow":"follow"},"og_locale":"it_IT","og_type":"article","og_title":"Termini e Condizioni di Vendita - la Bottega del Fusto - Falegnameria Artigianale dal 1962","og_description":"Termini e Condizioni di Vendita Prezzi, contenuto e disponibilit\u00e0 dei prodotti Tutti i prezzi indicati nel sito sono al netto dell\u2019IVA. I prezzi e le disponibilit\u00e0 indicate si intendono salvo esaurimento delle scorte e sono soggetti a variazioni per cause di mercato o altro. Sconti, buoni acquisto e promozioni non sono mai cumulabili. Le immagini [&hellip;]","og_url":"https:\/\/bottegadelfusto.com\/shop\/index.php\/termini-e-condizioni-di-vendita\/","og_site_name":"la Bottega del Fusto - Falegnameria Artigianale dal 1962","article_publisher":"https:\/\/www.facebook.com\/bottegadelfusto\/","article_modified_time":"2018-04-25T16:40:41+00:00","twitter_card":"summary_large_image","twitter_site":"@BottegadelFusto","twitter_misc":{"Tempo di lettura stimato":"8 minuti"},"schema":{"@context":"https:\/\/schema.org","@graph":[{"@type":"WebPage","@id":"https:\/\/bottegadelfusto.com\/shop\/index.php\/termini-e-condizioni-di-vendita\/","url":"https:\/\/bottegadelfusto.com\/shop\/index.php\/termini-e-condizioni-di-vendita\/","name":"Termini e Condizioni di Vendita - la Bottega del Fusto - Falegnameria Artigianale dal 1962","isPartOf":{"@id":"https:\/\/bottegadelfusto.com\/shop\/#website"},"datePublished":"2018-04-25T07:33:30+00:00","dateModified":"2018-04-25T16:40:41+00:00","breadcrumb":{"@id":"https:\/\/bottegadelfusto.com\/shop\/index.php\/termini-e-condizioni-di-vendita\/#breadcrumb"},"inLanguage":"it-IT","potentialAction":[{"@type":"ReadAction","target":["https:\/\/bottegadelfusto.com\/shop\/index.php\/termini-e-condizioni-di-vendita\/"]}]},{"@type":"BreadcrumbList","@id":"https:\/\/bottegadelfusto.com\/shop\/index.php\/termini-e-condizioni-di-vendita\/#breadcrumb","itemListElement":[{"@type":"ListItem","position":1,"name":"Home","item":"https:\/\/bottegadelfusto.com\/shop\/"},{"@type":"ListItem","position":2,"name":"Termini e Condizioni di Vendita"}]},{"@type":"WebSite","@id":"https:\/\/bottegadelfusto.com\/shop\/#website","url":"https:\/\/bottegadelfusto.com\/shop\/","name":"Bottega del Fusto","description":"I vostri desideri la nostra passione","publisher":{"@id":"https:\/\/bottegadelfusto.com\/shop\/#organization"},"potentialAction":[{"@type":"SearchAction","target":{"@type":"EntryPoint","urlTemplate":"https:\/\/bottegadelfusto.com\/shop\/?s={search_term_string}"},"query-input":"required name=search_term_string"}],"inLanguage":"it-IT"},{"@type":"Organization","@id":"https:\/\/bottegadelfusto.com\/shop\/#organization","name":"La Bottega del Fusto","url":"https:\/\/bottegadelfusto.com\/shop\/","logo":{"@type":"ImageObject","inLanguage":"it-IT","@id":"https:\/\/bottegadelfusto.com\/shop\/#\/schema\/logo\/image\/","url":"https:\/\/bottegadelfusto.com\/shop\/wp-content\/uploads\/2018\/04\/logobdf300.png","contentUrl":"https:\/\/bottegadelfusto.com\/shop\/wp-content\/uploads\/2018\/04\/logobdf300.png","width":300,"height":125,"caption":"La Bottega del Fusto"},"image":{"@id":"https:\/\/bottegadelfusto.com\/shop\/#\/schema\/logo\/image\/"},"sameAs":["https:\/\/www.facebook.com\/bottegadelfusto\/","https:\/\/twitter.com\/BottegadelFusto","https:\/\/it.pinterest.com\/bottegadelfusto\/"]}]}},"_links":{"self":[{"href":"https:\/\/bottegadelfusto.com\/shop\/index.php\/wp-json\/wp\/v2\/pages\/136"}],"collection":[{"href":"https:\/\/bottegadelfusto.com\/shop\/index.php\/wp-json\/wp\/v2\/pages"}],"about":[{"href":"https:\/\/bottegadelfusto.com\/shop\/index.php\/wp-json\/wp\/v2\/types\/page"}],"author":[{"embeddable":true,"href":"https:\/\/bottegadelfusto.com\/shop\/index.php\/wp-json\/wp\/v2\/users\/1"}],"replies":[{"embeddable":true,"href":"https:\/\/bottegadelfusto.com\/shop\/index.php\/wp-json\/wp\/v2\/comments?post=136"}],"version-history":[{"count":4,"href":"https:\/\/bottegadelfusto.com\/shop\/index.php\/wp-json\/wp\/v2\/pages\/136\/revisions"}],"predecessor-version":[{"id":155,"href":"https:\/\/bottegadelfusto.com\/shop\/index.php\/wp-json\/wp\/v2\/pages\/136\/revisions\/155"}],"wp:attachment":[{"href":"https:\/\/bottegadelfusto.com\/shop\/index.php\/wp-json\/wp\/v2\/media?parent=136"}],"curies":[{"name":"wp","href":"https:\/\/api.w.org\/{rel}","templated":true}]}}