{"id":674,"date":"2019-01-20T16:42:39","date_gmt":"2019-01-20T15:42:39","guid":{"rendered":"https:\/\/bottegadelfusto.com\/shop\/?post_type=product&#038;p=674"},"modified":"2022-07-02T15:21:07","modified_gmt":"2022-07-02T13:21:07","slug":"alenie-lampada-da-tavolo","status":"publish","type":"product","link":"https:\/\/bottegadelfusto.com\/shop\/index.php\/prodotto\/alenie-lampada-da-tavolo\/","title":{"rendered":"Alenie &#8211; Lampada da tavolo"},"content":{"rendered":"\t\t<div data-elementor-type=\"wp-post\" data-elementor-id=\"674\" class=\"elementor elementor-674 elementor-bc-flex-widget\" data-elementor-post-type=\"product\">\n\t\t\t\t\t\t\t\t\t<section class=\"elementor-section elementor-top-section elementor-element elementor-element-6dd2e276 elementor-section-boxed elementor-section-height-default elementor-section-height-default\" data-id=\"6dd2e276\" data-element_type=\"section\">\n\t\t\t\t\t\t<div class=\"elementor-container elementor-column-gap-default\">\n\t\t\t\t\t<div class=\"elementor-column elementor-col-100 elementor-top-column elementor-element elementor-element-44912d4a\" data-id=\"44912d4a\" data-element_type=\"column\">\n\t\t\t<div class=\"elementor-widget-wrap elementor-element-populated\">\n\t\t\t\t\t\t\t\t<div class=\"elementor-element elementor-element-18861c84 elementor-widget elementor-widget-text-editor\" data-id=\"18861c84\" data-element_type=\"widget\" data-widget_type=\"text-editor.default\">\n\t\t\t\t<div class=\"elementor-widget-container\">\n\t\t\t\t\t\t\t<p><strong>Alenie \u2013 Lampada da tavolo<\/strong><br \/>Il corpo di Alenie \u00e8 ricavato dall&#8217;assemblaggio di masselli torniti. Il paralume \u00e8 in tessuto. Modello dalla forte personalit\u00e0, si trova a suo agio in ambienti moderni. L&#8217;attacco della lampadina \u00e8 del tipo E27, max 50W.<\/p>\t\t\t\t\t\t<\/div>\n\t\t\t\t<\/div>\n\t\t\t\t\t<\/div>\n\t\t<\/div>\n\t\t\t\t\t\t\t<\/div>\n\t\t<\/section>\n\t\t\t\t<section class=\"elementor-section elementor-top-section elementor-element elementor-element-e932def elementor-section-boxed elementor-section-height-default elementor-section-height-default\" data-id=\"e932def\" data-element_type=\"section\">\n\t\t\t\t\t\t<div class=\"elementor-container elementor-column-gap-default\">\n\t\t\t\t\t<div class=\"elementor-column elementor-col-50 elementor-top-column elementor-element elementor-element-68f7c93b\" data-id=\"68f7c93b\" data-element_type=\"column\">\n\t\t\t<div class=\"elementor-widget-wrap elementor-element-populated\">\n\t\t\t\t\t\t\t\t<div class=\"elementor-element elementor-element-207b2741 elementor-align-left elementor-icon-list--layout-traditional elementor-list-item-link-full_width elementor-widget elementor-widget-icon-list\" data-id=\"207b2741\" data-element_type=\"widget\" data-widget_type=\"icon-list.default\">\n\t\t\t\t<div class=\"elementor-widget-container\">\n\t\t\t\t\t<ul class=\"elementor-icon-list-items\">\n\t\t\t\t\t\t\t<li class=\"elementor-icon-list-item\">\n\t\t\t\t\t\t\t\t\t\t\t<span class=\"elementor-icon-list-icon\">\n\t\t\t\t\t\t\t\t\t\t\t\t\t\t\t\t<i class=\"fa fa-check\" aria-hidden=\"true\"><\/i>\n\t\t\t\t\t\t\t\t\t\t\t\t\t<\/span>\n\t\t\t\t\t\t\t\t\t\t<span class=\"elementor-icon-list-text\">corpo in massello tornito<\/span>\n\t\t\t\t\t\t\t\t\t<\/li>\n\t\t\t\t\t\t\t\t<li class=\"elementor-icon-list-item\">\n\t\t\t\t\t\t\t\t\t\t\t<span class=\"elementor-icon-list-icon\">\n\t\t\t\t\t\t\t\t\t\t\t\t\t\t\t\t<i class=\"fa fa-check\" aria-hidden=\"true\"><\/i>\n\t\t\t\t\t\t\t\t\t\t\t\t\t<\/span>\n\t\t\t\t\t\t\t\t\t\t<span class=\"elementor-icon-list-text\"> massello lucidato a poro aperto<\/span>\n\t\t\t\t\t\t\t\t\t<\/li>\n\t\t\t\t\t\t\t\t<li class=\"elementor-icon-list-item\">\n\t\t\t\t\t\t\t\t\t\t\t<span class=\"elementor-icon-list-icon\">\n\t\t\t\t\t\t\t\t\t\t\t\t\t\t\t\t<i class=\"fa fa-check\" aria-hidden=\"true\"><\/i>\n\t\t\t\t\t\t\t\t\t\t\t\t\t<\/span>\n\t\t\t\t\t\t\t\t\t\t<span class=\"elementor-icon-list-text\">Impiego solo da interno<\/span>\n\t\t\t\t\t\t\t\t\t<\/li>\n\t\t\t\t\t\t\t\t<li class=\"elementor-icon-list-item\">\n\t\t\t\t\t\t\t\t\t\t\t<span class=\"elementor-icon-list-icon\">\n\t\t\t\t\t\t\t\t\t\t\t\t\t\t\t\t<i class=\"fa fa-dot-circle-o\" aria-hidden=\"true\"><\/i>\n\t\t\t\t\t\t\t\t\t\t\t\t\t<\/span>\n\t\t\t\t\t\t\t\t\t\t<span class=\"elementor-icon-list-text\">finitura semi lucido<\/span>\n\t\t\t\t\t\t\t\t\t<\/li>\n\t\t\t\t\t\t<\/ul>\n\t\t\t\t<\/div>\n\t\t\t\t<\/div>\n\t\t\t\t\t<\/div>\n\t\t<\/div>\n\t\t\t\t<div class=\"elementor-column elementor-col-50 elementor-top-column elementor-element elementor-element-4f3d0cf8\" data-id=\"4f3d0cf8\" data-element_type=\"column\">\n\t\t\t<div class=\"elementor-widget-wrap elementor-element-populated\">\n\t\t\t\t\t\t\t\t<div class=\"elementor-element elementor-element-1872f4a3 elementor-align-left elementor-icon-list--layout-traditional elementor-list-item-link-full_width elementor-widget elementor-widget-icon-list\" data-id=\"1872f4a3\" data-element_type=\"widget\" data-widget_type=\"icon-list.default\">\n\t\t\t\t<div class=\"elementor-widget-container\">\n\t\t\t\t\t<ul class=\"elementor-icon-list-items\">\n\t\t\t\t\t\t\t<li class=\"elementor-icon-list-item\">\n\t\t\t\t\t\t\t\t\t\t\t<span class=\"elementor-icon-list-icon\">\n\t\t\t\t\t\t\t\t\t\t\t\t\t\t\t\t<i class=\"fa fa-level-up\" aria-hidden=\"true\"><\/i>\n\t\t\t\t\t\t\t\t\t\t\t\t\t<\/span>\n\t\t\t\t\t\t\t\t\t\t<span class=\"elementor-icon-list-text\">base diam. 20<\/span>\n\t\t\t\t\t\t\t\t\t<\/li>\n\t\t\t\t\t\t\t\t<li class=\"elementor-icon-list-item\">\n\t\t\t\t\t\t\t\t\t\t\t<span class=\"elementor-icon-list-icon\">\n\t\t\t\t\t\t\t\t\t\t\t\t\t\t\t\t<i class=\"fa fa-level-up\" aria-hidden=\"true\"><\/i>\n\t\t\t\t\t\t\t\t\t\t\t\t\t<\/span>\n\t\t\t\t\t\t\t\t\t\t<span class=\"elementor-icon-list-text\">larghezza del corpo 18<\/span>\n\t\t\t\t\t\t\t\t\t<\/li>\n\t\t\t\t\t\t\t\t<li class=\"elementor-icon-list-item\">\n\t\t\t\t\t\t\t\t\t\t\t<span class=\"elementor-icon-list-icon\">\n\t\t\t\t\t\t\t\t\t\t\t\t\t\t\t\t<i class=\"fa fa-level-up\" aria-hidden=\"true\"><\/i>\n\t\t\t\t\t\t\t\t\t\t\t\t\t<\/span>\n\t\t\t\t\t\t\t\t\t\t<span class=\"elementor-icon-list-text\">altezza con paralume 70<\/span>\n\t\t\t\t\t\t\t\t\t<\/li>\n\t\t\t\t\t\t\t\t<li class=\"elementor-icon-list-item\">\n\t\t\t\t\t\t\t\t\t\t\t<span class=\"elementor-icon-list-icon\">\n\t\t\t\t\t\t\t\t\t\t\t\t\t\t\t\t<i class=\"fa fa-long-arrow-left\" aria-hidden=\"true\"><\/i>\n\t\t\t\t\t\t\t\t\t\t\t\t\t<\/span>\n\t\t\t\t\t\t\t\t\t\t<span class=\"elementor-icon-list-text\">alimentazione 220V  porta lampada E27<\/span>\n\t\t\t\t\t\t\t\t\t<\/li>\n\t\t\t\t\t\t\t\t<li class=\"elementor-icon-list-item\">\n\t\t\t\t\t\t\t\t\t\t\t<span class=\"elementor-icon-list-icon\">\n\t\t\t\t\t\t\t\t\t\t\t\t\t\t\t\t<i class=\"fa fa-compress\" aria-hidden=\"true\"><\/i>\n\t\t\t\t\t\t\t\t\t\t\t\t\t<\/span>\n\t\t\t\t\t\t\t\t\t\t<span class=\"elementor-icon-list-text\">le misure sono in cm<\/span>\n\t\t\t\t\t\t\t\t\t<\/li>\n\t\t\t\t\t\t<\/ul>\n\t\t\t\t<\/div>\n\t\t\t\t<\/div>\n\t\t\t\t\t<\/div>\n\t\t<\/div>\n\t\t\t\t\t\t\t<\/div>\n\t\t<\/section>\n\t\t\t\t<section class=\"elementor-section elementor-top-section elementor-element elementor-element-6a033729 elementor-section-boxed elementor-section-height-default elementor-section-height-default\" data-id=\"6a033729\" data-element_type=\"section\">\n\t\t\t\t\t\t<div class=\"elementor-container elementor-column-gap-default\">\n\t\t\t\t\t<div class=\"elementor-column elementor-col-100 elementor-top-column elementor-element elementor-element-51d4b22a\" data-id=\"51d4b22a\" data-element_type=\"column\">\n\t\t\t<div class=\"elementor-widget-wrap elementor-element-populated\">\n\t\t\t\t\t\t\t\t<div class=\"elementor-element elementor-element-7ec2bd29 elementor-arrows-position-outside elementor-pagination-position-outside elementor-widget elementor-widget-image-carousel\" data-id=\"7ec2bd29\" data-element_type=\"widget\" data-settings=\"{&quot;slides_to_show&quot;:&quot;3&quot;,&quot;slides_to_scroll&quot;:&quot;1&quot;,&quot;navigation&quot;:&quot;both&quot;,&quot;autoplay&quot;:&quot;yes&quot;,&quot;pause_on_hover&quot;:&quot;yes&quot;,&quot;pause_on_interaction&quot;:&quot;yes&quot;,&quot;autoplay_speed&quot;:5000,&quot;infinite&quot;:&quot;yes&quot;,&quot;speed&quot;:500}\" data-widget_type=\"image-carousel.default\">\n\t\t\t\t<div class=\"elementor-widget-container\">\n\t\t\t\t\t<div class=\"elementor-image-carousel-wrapper swiper-container\" dir=\"ltr\">\n\t\t\t<div class=\"elementor-image-carousel swiper-wrapper swiper-image-stretch\" aria-live=\"off\">\n\t\t\t\t\t\t\t\t<div class=\"swiper-slide\" role=\"group\" aria-roledescription=\"slide\" aria-label=\"1 di 2\"><a data-elementor-open-lightbox=\"yes\" data-elementor-lightbox-slideshow=\"7ec2bd29\" data-elementor-lightbox-title=\"Alenie-lampada-massello-01\" data-e-action-hash=\"#elementor-action%3Aaction%3Dlightbox%26settings%3DeyJpZCI6Njc1LCJ1cmwiOiJodHRwczpcL1wvYm90dGVnYWRlbGZ1c3RvLmNvbVwvc2hvcFwvd3AtY29udGVudFwvdXBsb2Fkc1wvMjAxOVwvMDFcL0FsZW5pZS1sYW1wYWRhLW1hc3NlbGxvLTAxLmpwZyIsInNsaWRlc2hvdyI6IjdlYzJiZDI5In0%3D\" href=\"https:\/\/bottegadelfusto.com\/shop\/wp-content\/uploads\/2019\/01\/Alenie-lampada-massello-01.jpg\"><figure class=\"swiper-slide-inner\"><img decoding=\"async\" class=\"swiper-slide-image\" src=\"https:\/\/bottegadelfusto.com\/shop\/wp-content\/uploads\/2019\/01\/Alenie-lampada-massello-01.jpg\" alt=\"Alenie-lampada-massello-01\" \/><\/figure><\/a><\/div><div class=\"swiper-slide\" role=\"group\" aria-roledescription=\"slide\" aria-label=\"2 di 2\"><a data-elementor-open-lightbox=\"yes\" data-elementor-lightbox-slideshow=\"7ec2bd29\" data-elementor-lightbox-title=\"Alenie-lampada-massello-02\" data-e-action-hash=\"#elementor-action%3Aaction%3Dlightbox%26settings%3DeyJpZCI6Njc3LCJ1cmwiOiJodHRwczpcL1wvYm90dGVnYWRlbGZ1c3RvLmNvbVwvc2hvcFwvd3AtY29udGVudFwvdXBsb2Fkc1wvMjAxOVwvMDFcL0FsZW5pZS1sYW1wYWRhLW1hc3NlbGxvLTAyLmpwZyIsInNsaWRlc2hvdyI6IjdlYzJiZDI5In0%3D\" href=\"https:\/\/bottegadelfusto.com\/shop\/wp-content\/uploads\/2019\/01\/Alenie-lampada-massello-02.jpg\"><figure class=\"swiper-slide-inner\"><img decoding=\"async\" class=\"swiper-slide-image\" src=\"https:\/\/bottegadelfusto.com\/shop\/wp-content\/uploads\/2019\/01\/Alenie-lampada-massello-02.jpg\" alt=\"Alenie-lampada-massello-02\" \/><\/figure><\/a><\/div>\t\t\t<\/div>\n\t\t\t\t\t\t\t\t\t\t\t\t<div class=\"elementor-swiper-button elementor-swiper-button-prev\" role=\"button\" tabindex=\"0\">\n\t\t\t\t\t\t<i aria-hidden=\"true\" class=\"eicon-chevron-left\"><\/i>\t\t\t\t\t<\/div>\n\t\t\t\t\t<div class=\"elementor-swiper-button elementor-swiper-button-next\" role=\"button\" tabindex=\"0\">\n\t\t\t\t\t\t<i aria-hidden=\"true\" class=\"eicon-chevron-right\"><\/i>\t\t\t\t\t<\/div>\n\t\t\t\t\n\t\t\t\t\t\t\t\t\t<div class=\"swiper-pagination\"><\/div>\n\t\t\t\t\t\t\t\t\t<\/div>\n\t\t\t\t<\/div>\n\t\t\t\t<\/div>\n\t\t\t\t<section class=\"elementor-section elementor-inner-section elementor-element elementor-element-737fea6b elementor-section-boxed elementor-section-height-default elementor-section-height-default\" data-id=\"737fea6b\" data-element_type=\"section\">\n\t\t\t\t\t\t<div class=\"elementor-container elementor-column-gap-default\">\n\t\t\t\t\t<div class=\"elementor-column elementor-col-33 elementor-inner-column elementor-element elementor-element-7261b8e\" data-id=\"7261b8e\" data-element_type=\"column\">\n\t\t\t<div class=\"elementor-widget-wrap elementor-element-populated\">\n\t\t\t\t\t\t\t\t<div class=\"elementor-element elementor-element-61d9b29b elementor-widget elementor-widget-progress\" data-id=\"61d9b29b\" data-element_type=\"widget\" data-widget_type=\"progress.default\">\n\t\t\t\t<div class=\"elementor-widget-container\">\n\t\t\t\t\t\t<span class=\"elementor-title\">\n\t\t\t\tDisponibilit\u00e0 di Magazzino\t\t\t<\/span>\n\t\t\n\t\t<div class=\"elementor-progress-wrapper\" role=\"progressbar\" aria-valuemin=\"0\" aria-valuemax=\"100\" aria-valuenow=\"89\" aria-valuetext=\"89% (Buona - 10...15 giorni)\">\n\t\t\t<div class=\"elementor-progress-bar\" data-max=\"89\">\n\t\t\t\t<span class=\"elementor-progress-text\">Buona - 10...15 giorni<\/span>\n\t\t\t\t\t\t\t<\/div>\n\t\t<\/div>\n\t\t\t\t<\/div>\n\t\t\t\t<\/div>\n\t\t\t\t\t<\/div>\n\t\t<\/div>\n\t\t\t\t<div class=\"elementor-column elementor-col-33 elementor-inner-column elementor-element elementor-element-2ac1d3cf\" data-id=\"2ac1d3cf\" data-element_type=\"column\">\n\t\t\t<div class=\"elementor-widget-wrap elementor-element-populated\">\n\t\t\t\t\t\t\t\t<div class=\"elementor-element elementor-element-1341eb53 elementor-widget elementor-widget-progress\" data-id=\"1341eb53\" data-element_type=\"widget\" data-widget_type=\"progress.default\">\n\t\t\t\t<div class=\"elementor-widget-container\">\n\t\t\t\t\t\t<span class=\"elementor-title\">\n\t\t\t\tRobustezza\t\t\t<\/span>\n\t\t\n\t\t<div class=\"elementor-progress-wrapper\" role=\"progressbar\" aria-valuemin=\"0\" aria-valuemax=\"100\" aria-valuenow=\"100\" aria-valuetext=\"100% (100\/100)\">\n\t\t\t<div class=\"elementor-progress-bar\" data-max=\"100\">\n\t\t\t\t<span class=\"elementor-progress-text\">100\/100<\/span>\n\t\t\t\t\t\t\t<\/div>\n\t\t<\/div>\n\t\t\t\t<\/div>\n\t\t\t\t<\/div>\n\t\t\t\t\t<\/div>\n\t\t<\/div>\n\t\t\t\t<div class=\"elementor-column elementor-col-33 elementor-inner-column elementor-element elementor-element-7e5ee81\" data-id=\"7e5ee81\" data-element_type=\"column\">\n\t\t\t<div class=\"elementor-widget-wrap elementor-element-populated\">\n\t\t\t\t\t\t\t\t<div class=\"elementor-element elementor-element-61be6bfd elementor-widget elementor-widget-progress\" data-id=\"61be6bfd\" data-element_type=\"widget\" data-widget_type=\"progress.default\">\n\t\t\t\t<div class=\"elementor-widget-container\">\n\t\t\t\t\t\t<span class=\"elementor-title\">\n\t\t\t\tInserimento arredativo\t\t\t<\/span>\n\t\t\n\t\t<div class=\"elementor-progress-wrapper\" role=\"progressbar\" aria-valuemin=\"0\" aria-valuemax=\"100\" aria-valuenow=\"89\" aria-valuetext=\"89% (Ottimo)\">\n\t\t\t<div class=\"elementor-progress-bar\" data-max=\"89\">\n\t\t\t\t<span class=\"elementor-progress-text\">Ottimo<\/span>\n\t\t\t\t\t\t\t<\/div>\n\t\t<\/div>\n\t\t\t\t<\/div>\n\t\t\t\t<\/div>\n\t\t\t\t\t<\/div>\n\t\t<\/div>\n\t\t\t\t\t\t\t<\/div>\n\t\t<\/section>\n\t\t\t\t<div class=\"elementor-element elementor-element-1b426ad0 elementor-widget elementor-widget-spacer\" data-id=\"1b426ad0\" data-element_type=\"widget\" data-widget_type=\"spacer.default\">\n\t\t\t\t<div class=\"elementor-widget-container\">\n\t\t\t\t\t<div class=\"elementor-spacer\">\n\t\t\t<div class=\"elementor-spacer-inner\"><\/div>\n\t\t<\/div>\n\t\t\t\t<\/div>\n\t\t\t\t<\/div>\n\t\t\t\t<div class=\"elementor-element elementor-element-5330ad44 elementor-widget elementor-widget-toggle\" data-id=\"5330ad44\" data-element_type=\"widget\" data-widget_type=\"toggle.default\">\n\t\t\t\t<div class=\"elementor-widget-container\">\n\t\t\t\t\t<div class=\"elementor-toggle\">\n\t\t\t\t\t\t\t<div class=\"elementor-toggle-item\">\n\t\t\t\t\t<div id=\"elementor-tab-title-1391\" class=\"elementor-tab-title\" data-tab=\"1\" role=\"button\" aria-controls=\"elementor-tab-content-1391\" aria-expanded=\"false\">\n\t\t\t\t\t\t\t\t\t\t\t\t<span class=\"elementor-toggle-icon elementor-toggle-icon-left\" aria-hidden=\"true\">\n\t\t\t\t\t\t\t\t\t\t\t\t\t\t\t<span class=\"elementor-toggle-icon-closed\"><i class=\"fas fa-caret-right\"><\/i><\/span>\n\t\t\t\t\t\t\t\t<span class=\"elementor-toggle-icon-opened\"><i class=\"elementor-toggle-icon-opened fas fa-caret-up\"><\/i><\/span>\n\t\t\t\t\t\t\t\t\t\t\t\t\t<\/span>\n\t\t\t\t\t\t\t\t\t\t\t\t<a class=\"elementor-toggle-title\" tabindex=\"0\">Nota al Prodotto<\/a>\n\t\t\t\t\t<\/div>\n\n\t\t\t\t\t<div id=\"elementor-tab-content-1391\" class=\"elementor-tab-content elementor-clearfix\" data-tab=\"1\" role=\"region\" aria-labelledby=\"elementor-tab-title-1391\"><p>Le parti di legno a vista possono essere lucidate o verniciate secondo le necessit\u00e0. Il tipo di lavorazione richiesto va indicato nelle note all&#8217;ordine.<\/p><p>Per esigenze speciali chiedete prima un preventivo, <a href=\"http:\/\/bottegadelfusto.com\/shop\/index.php\/modulo-di-contatto\/\" target=\"_blank\" rel=\"noopener\"><span style=\"color: #000000;\"><strong>clicca qui<\/strong><\/span><\/a>.<\/p><\/div>\n\t\t\t\t<\/div>\n\t\t\t\t\t\t\t\t<\/div>\n\t\t\t\t<\/div>\n\t\t\t\t<\/div>\n\t\t\t\t\t<\/div>\n\t\t<\/div>\n\t\t\t\t\t\t\t<\/div>\n\t\t<\/section>\n\t\t\t\t\t\t\t<\/div>\n\t\t","protected":false},"excerpt":{"rendered":"<p>Il corpo di Alenie \u00e8 ricavato dall&#8217;assemblaggio di masselli torniti. Il paralume \u00e8 in tessuto. Modello dalla forte personalit\u00e0, si trova a suo agio in ambienti moderni.<\/p>\n","protected":false},"featured_media":675,"comment_status":"open","ping_status":"closed","template":"","meta":[],"product_cat":[24],"product_tag":[25],"yoast_head":"<!-- This site is optimized with the Yoast SEO plugin v21.5 - https:\/\/yoast.com\/wordpress\/plugins\/seo\/ -->\n<title>Alenie - Lampada da tavolo - la Bottega del Fusto - Falegnameria Artigianale dal 1962<\/title>\n<meta name=\"description\" content=\"Il corpo di Alenie \u00e8 ricavato dall&#039;assemblaggio di masselli torniti. Il paralume \u00e8 in tessuto. Modello dalla forte personalit\u00e0, si trova a suo agio in ambienti moderni.\" \/>\n<meta name=\"robots\" content=\"index, follow, max-snippet:-1, max-image-preview:large, max-video-preview:-1\" \/>\n<link rel=\"canonical\" href=\"https:\/\/bottegadelfusto.com\/shop\/index.php\/prodotto\/alenie-lampada-da-tavolo\/\" \/>\n<meta property=\"og:locale\" content=\"it_IT\" \/>\n<meta property=\"og:type\" content=\"article\" \/>\n<meta property=\"og:title\" content=\"Alenie - Lampada da tavolo - la Bottega del Fusto - Falegnameria Artigianale dal 1962\" \/>\n<meta property=\"og:description\" content=\"Il corpo di Alenie \u00e8 ricavato dall&#039;assemblaggio di masselli torniti. Il paralume \u00e8 in tessuto. Modello dalla forte personalit\u00e0, si trova a suo agio in ambienti moderni.\" \/>\n<meta property=\"og:url\" content=\"https:\/\/bottegadelfusto.com\/shop\/index.php\/prodotto\/alenie-lampada-da-tavolo\/\" \/>\n<meta property=\"og:site_name\" content=\"la Bottega del Fusto - Falegnameria Artigianale dal 1962\" \/>\n<meta property=\"article:publisher\" content=\"https:\/\/www.facebook.com\/bottegadelfusto\/\" \/>\n<meta property=\"article:modified_time\" content=\"2022-07-02T13:21:07+00:00\" \/>\n<meta property=\"og:image\" content=\"https:\/\/bottegadelfusto.com\/shop\/wp-content\/uploads\/2019\/01\/Alenie-lampada-massello-01.jpg\" \/>\n\t<meta property=\"og:image:width\" content=\"1600\" \/>\n\t<meta property=\"og:image:height\" content=\"1600\" \/>\n\t<meta property=\"og:image:type\" content=\"image\/jpeg\" \/>\n<meta name=\"twitter:card\" content=\"summary_large_image\" \/>\n<meta name=\"twitter:site\" content=\"@BottegadelFusto\" \/>\n<meta name=\"twitter:label1\" content=\"Tempo di lettura stimato\" \/>\n\t<meta name=\"twitter:data1\" content=\"1 minuto\" \/>\n<script type=\"application\/ld+json\" class=\"yoast-schema-graph\">{\"@context\":\"https:\/\/schema.org\",\"@graph\":[{\"@type\":\"WebPage\",\"@id\":\"https:\/\/bottegadelfusto.com\/shop\/index.php\/prodotto\/alenie-lampada-da-tavolo\/\",\"url\":\"https:\/\/bottegadelfusto.com\/shop\/index.php\/prodotto\/alenie-lampada-da-tavolo\/\",\"name\":\"Alenie - Lampada da tavolo - la Bottega del Fusto - Falegnameria Artigianale dal 1962\",\"isPartOf\":{\"@id\":\"https:\/\/bottegadelfusto.com\/shop\/#website\"},\"datePublished\":\"2019-01-20T15:42:39+00:00\",\"dateModified\":\"2022-07-02T13:21:07+00:00\",\"description\":\"Il corpo di Alenie \u00e8 ricavato dall'assemblaggio di masselli torniti. Il paralume \u00e8 in tessuto. Modello dalla forte personalit\u00e0, si trova a suo agio in ambienti moderni.\",\"breadcrumb\":{\"@id\":\"https:\/\/bottegadelfusto.com\/shop\/index.php\/prodotto\/alenie-lampada-da-tavolo\/#breadcrumb\"},\"inLanguage\":\"it-IT\",\"potentialAction\":[{\"@type\":\"ReadAction\",\"target\":[\"https:\/\/bottegadelfusto.com\/shop\/index.php\/prodotto\/alenie-lampada-da-tavolo\/\"]}]},{\"@type\":\"BreadcrumbList\",\"@id\":\"https:\/\/bottegadelfusto.com\/shop\/index.php\/prodotto\/alenie-lampada-da-tavolo\/#breadcrumb\",\"itemListElement\":[{\"@type\":\"ListItem\",\"position\":1,\"name\":\"Home\",\"item\":\"https:\/\/bottegadelfusto.com\/shop\/\"},{\"@type\":\"ListItem\",\"position\":2,\"name\":\"Shop\",\"item\":\"https:\/\/bottegadelfusto.com\/shop\/index.php\/negozio\/\"},{\"@type\":\"ListItem\",\"position\":3,\"name\":\"Alenie &#8211; Lampada da tavolo\"}]},{\"@type\":\"WebSite\",\"@id\":\"https:\/\/bottegadelfusto.com\/shop\/#website\",\"url\":\"https:\/\/bottegadelfusto.com\/shop\/\",\"name\":\"Bottega del Fusto\",\"description\":\"I vostri desideri la nostra passione\",\"publisher\":{\"@id\":\"https:\/\/bottegadelfusto.com\/shop\/#organization\"},\"potentialAction\":[{\"@type\":\"SearchAction\",\"target\":{\"@type\":\"EntryPoint\",\"urlTemplate\":\"https:\/\/bottegadelfusto.com\/shop\/?s={search_term_string}\"},\"query-input\":\"required name=search_term_string\"}],\"inLanguage\":\"it-IT\"},{\"@type\":\"Organization\",\"@id\":\"https:\/\/bottegadelfusto.com\/shop\/#organization\",\"name\":\"La Bottega del Fusto\",\"url\":\"https:\/\/bottegadelfusto.com\/shop\/\",\"logo\":{\"@type\":\"ImageObject\",\"inLanguage\":\"it-IT\",\"@id\":\"https:\/\/bottegadelfusto.com\/shop\/#\/schema\/logo\/image\/\",\"url\":\"https:\/\/bottegadelfusto.com\/shop\/wp-content\/uploads\/2018\/04\/logobdf300.png\",\"contentUrl\":\"https:\/\/bottegadelfusto.com\/shop\/wp-content\/uploads\/2018\/04\/logobdf300.png\",\"width\":300,\"height\":125,\"caption\":\"La Bottega del Fusto\"},\"image\":{\"@id\":\"https:\/\/bottegadelfusto.com\/shop\/#\/schema\/logo\/image\/\"},\"sameAs\":[\"https:\/\/www.facebook.com\/bottegadelfusto\/\",\"https:\/\/twitter.com\/BottegadelFusto\",\"https:\/\/it.pinterest.com\/bottegadelfusto\/\"]}]}<\/script>\n<!-- \/ Yoast SEO plugin. -->","yoast_head_json":{"title":"Alenie - Lampada da tavolo - la Bottega del Fusto - Falegnameria Artigianale dal 1962","description":"Il corpo di Alenie \u00e8 ricavato dall'assemblaggio di masselli torniti. Il paralume \u00e8 in tessuto. Modello dalla forte personalit\u00e0, si trova a suo agio in ambienti moderni.","robots":{"index":"index","follow":"follow","max-snippet":"max-snippet:-1","max-image-preview":"max-image-preview:large","max-video-preview":"max-video-preview:-1"},"canonical":"https:\/\/bottegadelfusto.com\/shop\/index.php\/prodotto\/alenie-lampada-da-tavolo\/","og_locale":"it_IT","og_type":"article","og_title":"Alenie - Lampada da tavolo - la Bottega del Fusto - Falegnameria Artigianale dal 1962","og_description":"Il corpo di Alenie \u00e8 ricavato dall'assemblaggio di masselli torniti. Il paralume \u00e8 in tessuto. Modello dalla forte personalit\u00e0, si trova a suo agio in ambienti moderni.","og_url":"https:\/\/bottegadelfusto.com\/shop\/index.php\/prodotto\/alenie-lampada-da-tavolo\/","og_site_name":"la Bottega del Fusto - Falegnameria Artigianale dal 1962","article_publisher":"https:\/\/www.facebook.com\/bottegadelfusto\/","article_modified_time":"2022-07-02T13:21:07+00:00","og_image":[{"width":1600,"height":1600,"url":"https:\/\/bottegadelfusto.com\/shop\/wp-content\/uploads\/2019\/01\/Alenie-lampada-massello-01.jpg","type":"image\/jpeg"}],"twitter_card":"summary_large_image","twitter_site":"@BottegadelFusto","twitter_misc":{"Tempo di lettura stimato":"1 minuto"},"schema":{"@context":"https:\/\/schema.org","@graph":[{"@type":"WebPage","@id":"https:\/\/bottegadelfusto.com\/shop\/index.php\/prodotto\/alenie-lampada-da-tavolo\/","url":"https:\/\/bottegadelfusto.com\/shop\/index.php\/prodotto\/alenie-lampada-da-tavolo\/","name":"Alenie - Lampada da tavolo - la Bottega del Fusto - Falegnameria Artigianale dal 1962","isPartOf":{"@id":"https:\/\/bottegadelfusto.com\/shop\/#website"},"datePublished":"2019-01-20T15:42:39+00:00","dateModified":"2022-07-02T13:21:07+00:00","description":"Il corpo di Alenie \u00e8 ricavato dall'assemblaggio di masselli torniti. Il paralume \u00e8 in tessuto. Modello dalla forte personalit\u00e0, si trova a suo agio in ambienti moderni.","breadcrumb":{"@id":"https:\/\/bottegadelfusto.com\/shop\/index.php\/prodotto\/alenie-lampada-da-tavolo\/#breadcrumb"},"inLanguage":"it-IT","potentialAction":[{"@type":"ReadAction","target":["https:\/\/bottegadelfusto.com\/shop\/index.php\/prodotto\/alenie-lampada-da-tavolo\/"]}]},{"@type":"BreadcrumbList","@id":"https:\/\/bottegadelfusto.com\/shop\/index.php\/prodotto\/alenie-lampada-da-tavolo\/#breadcrumb","itemListElement":[{"@type":"ListItem","position":1,"name":"Home","item":"https:\/\/bottegadelfusto.com\/shop\/"},{"@type":"ListItem","position":2,"name":"Shop","item":"https:\/\/bottegadelfusto.com\/shop\/index.php\/negozio\/"},{"@type":"ListItem","position":3,"name":"Alenie &#8211; Lampada da tavolo"}]},{"@type":"WebSite","@id":"https:\/\/bottegadelfusto.com\/shop\/#website","url":"https:\/\/bottegadelfusto.com\/shop\/","name":"Bottega del Fusto","description":"I vostri desideri la nostra passione","publisher":{"@id":"https:\/\/bottegadelfusto.com\/shop\/#organization"},"potentialAction":[{"@type":"SearchAction","target":{"@type":"EntryPoint","urlTemplate":"https:\/\/bottegadelfusto.com\/shop\/?s={search_term_string}"},"query-input":"required name=search_term_string"}],"inLanguage":"it-IT"},{"@type":"Organization","@id":"https:\/\/bottegadelfusto.com\/shop\/#organization","name":"La Bottega del Fusto","url":"https:\/\/bottegadelfusto.com\/shop\/","logo":{"@type":"ImageObject","inLanguage":"it-IT","@id":"https:\/\/bottegadelfusto.com\/shop\/#\/schema\/logo\/image\/","url":"https:\/\/bottegadelfusto.com\/shop\/wp-content\/uploads\/2018\/04\/logobdf300.png","contentUrl":"https:\/\/bottegadelfusto.com\/shop\/wp-content\/uploads\/2018\/04\/logobdf300.png","width":300,"height":125,"caption":"La Bottega del Fusto"},"image":{"@id":"https:\/\/bottegadelfusto.com\/shop\/#\/schema\/logo\/image\/"},"sameAs":["https:\/\/www.facebook.com\/bottegadelfusto\/","https:\/\/twitter.com\/BottegadelFusto","https:\/\/it.pinterest.com\/bottegadelfusto\/"]}]}},"_links":{"self":[{"href":"https:\/\/bottegadelfusto.com\/shop\/index.php\/wp-json\/wp\/v2\/product\/674"}],"collection":[{"href":"https:\/\/bottegadelfusto.com\/shop\/index.php\/wp-json\/wp\/v2\/product"}],"about":[{"href":"https:\/\/bottegadelfusto.com\/shop\/index.php\/wp-json\/wp\/v2\/types\/product"}],"replies":[{"embeddable":true,"href":"https:\/\/bottegadelfusto.com\/shop\/index.php\/wp-json\/wp\/v2\/comments?post=674"}],"version-history":[{"count":2,"href":"https:\/\/bottegadelfusto.com\/shop\/index.php\/wp-json\/wp\/v2\/product\/674\/revisions"}],"predecessor-version":[{"id":678,"href":"https:\/\/bottegadelfusto.com\/shop\/index.php\/wp-json\/wp\/v2\/product\/674\/revisions\/678"}],"wp:featuredmedia":[{"embeddable":true,"href":"https:\/\/bottegadelfusto.com\/shop\/index.php\/wp-json\/wp\/v2\/media\/675"}],"wp:attachment":[{"href":"https:\/\/bottegadelfusto.com\/shop\/index.php\/wp-json\/wp\/v2\/media?parent=674"}],"wp:term":[{"taxonomy":"product_cat","embeddable":true,"href":"https:\/\/bottegadelfusto.com\/shop\/index.php\/wp-json\/wp\/v2\/product_cat?post=674"},{"taxonomy":"product_tag","embeddable":true,"href":"https:\/\/bottegadelfusto.com\/shop\/index.php\/wp-json\/wp\/v2\/product_tag?post=674"}],"curies":[{"name":"wp","href":"https:\/\/api.w.org\/{rel}","templated":true}]}}